{"id":240,"date":"2021-07-03T16:21:32","date_gmt":"2021-07-03T14:21:32","guid":{"rendered":"https:\/\/www.tillty.com\/the-burger-concept\/?page_id=240"},"modified":"2023-01-02T10:26:54","modified_gmt":"2023-01-02T09:26:54","slug":"handelsbetingelser","status":"publish","type":"page","link":"https:\/\/www.tillty.com\/the-burger-concept\/handelsbetingelser\/","title":{"rendered":"Handelsbetingelser"},"content":{"rendered":"\n<p>E-Handelsbetingelser \u2013 The Burger Concept<\/p>\n\n\n\n<p>F\u00f8lgende e-handelsbetingelser g\u00e6lder for alle online k\u00f8b foretaget p\u00e5&nbsp;<a href=\"https:\/\/www.theburgerconcept.com\/\">www.theburgerconcept.com<\/a>. Betingelserne tr\u00e6der i kraft d. 28.10.2020<\/p>\n\n\n\n<ol class=\"wp-block-list\">\n<li><strong>Virksomheds- og kontaktoplysninger<\/strong><\/li>\n<\/ol>\n\n\n\n<p><a href=\"https:\/\/www.theburgerconcept.com\/\">www.theburgerconcept.com<\/a>&nbsp;ejes og administreres af The Burger Concept ApS, CVR-nummer 39348535, Ryesgade 8, 8000 Aarhus C.<\/p>\n\n\n\n<p>Vi kan kontaktes p\u00e5:<\/p>\n\n\n\n<p>E-mail:&nbsp;<a href=\"mailto:Team@theburgerconcept.com\">Team@theburgerconcept.com<\/a><\/p>\n\n\n\n<ol class=\"wp-block-list\" start=\"2\">\n<li><strong>Bestilling<\/strong><\/li>\n<\/ol>\n\n\n\n<p>Du kan bestille mad p\u00e5 vores hjemmeside indenfor den valgte restaurants \u00e5bningstid. \u00c5bningstiderne er varierende i de forskellige restauranter, s\u00e5 vi anbefaler, at du tjekker den enkelte restaurants \u00e5bningstid under vores lokationer.<\/p>\n\n\n\n<p>N\u00e5r vi har modtaget din bestilling og betaling, vil du modtage en ordrebekr\u00e6ftelse p\u00e5 din e-mail og p\u00e5 det oplyste telefonnummer, om at k\u00f8bet er gennemf\u00f8rt.<\/p>\n\n\n\n<p>I ordrebekr\u00e6ftelsen vil du blive oplyst om at vi har modtaget din ordre, hvad du har bestilt og hvilket afhentningstidspunkt du har valgt.<\/p>\n\n\n\n<p>Hvis du ikke afhenter din bestilling indenfor 60 minutter efter det valgte afhentningstidspunkt, vil maden blive smidt ud af hensyn til f\u00f8devaresikkerhed. Vi vil ikke refundere bel\u00f8bet p\u00e5 din uafhentede ordre.<\/p>\n\n\n\n<p>Vi vil, s\u00e5 snart du har afgivet din bestilling, forberede vores personale p\u00e5 bestillingens afhentningstidspunkt, s\u00e5 maden er klar til dit valgte afhentningstidspunkt.<\/p>\n\n\n\n<ol class=\"wp-block-list\" start=\"3\">\n<li><strong>Betaling<\/strong><\/li>\n<\/ol>\n\n\n\n<p>The Burger Concept modtager f\u00f8lgende betalingsmetoder:<\/p>\n\n\n\n<ul class=\"wp-block-list\">\n<li>Visa Dankort, Visa Electron, MasterCard, Mastercard Debet, Maestro<\/li>\n<\/ul>\n\n\n\n<p>Vi vil tr\u00e6kke bel\u00f8bet for bestillingen p\u00e5 dit betalingskort, s\u00e5 snart du har gennemf\u00f8rt ordren. Det bel\u00f8b vi tr\u00e6kker med den valgte betalingsmetode, vil v\u00e6re det bel\u00f8b, der er angivet p\u00e5 bestillingssiden under \u201dtotal (inkl. moms)\u201d. Vores priser er angivet i danske kroner (DKK) og inkluderer 25% moms.<\/p>\n\n\n\n<p>Dine kortoplysninger bliver h\u00e5ndteret af en certificeret betalingsudbyder, der sikrer, at alle oplysningerne er krypteret og sendt med sikker SSL-forbindelse.<\/p>\n\n\n\n<p>Har du modtaget et gavekort, kan du benytte dette som betalingsmiddel i alle vores restauranter. Gavekort som er k\u00f8bt p\u00e5 vores hjemmeside, kan kun benyttes som betalingsmiddel i vores restauranter ved henvendelse til vores personale. <\/p>\n\n\n\n<p>Gavekortet kan indl\u00f8ses i 3 \u00e5r fra den dato, det er blevet udstedt, medmindre der er andet oplyst p\u00e5 k\u00f8bsdatoen.<\/p>\n\n\n\n<ol class=\"wp-block-list\" start=\"4\">\n<li><strong>Fortrydelsesret og reklamation<\/strong><\/li>\n<\/ol>\n\n\n\n<p>N\u00e5r du k\u00f8ber mad og drikkevarer online p\u00e5 www.theburgerconcept.com, er du ikke berettiget til at fortryde k\u00f8bet, idet der er tale om k\u00f8b af levnedsmidler jf. forbrugeraftalelovens \u00a7 17, stk. 2.<\/p>\n\n\n\n<p>K\u00f8belovens regler om reklamation over mangler og regler om forsinkelse kan finde anvendelse p\u00e5 k\u00f8bet. For at v\u00e6re sikker p\u00e5, at du har f\u00e5et hvad du har bestilt, opfordres du til at tjekke din bestilling for, om du har modtaget det du har betalt for. Du bedes hurtigst muligt g\u00f8re os opm\u00e6rksomme p\u00e5 eventuelle fejl ved din ordrer, s\u00e5 vi kan rette fejlen eller manglen.<\/p>\n\n\n\n<ol class=\"wp-block-list\" start=\"5\">\n<li><strong>Klagemuligheder<\/strong><\/li>\n<\/ol>\n\n\n\n<p>Vil du klage over din bestilling, vil vi meget gerne h\u00f8re, hvorfor bestillingen ikke har levet op til dine forventninger, og hvad vi kan g\u00f8re bedre i fremtiden. Vi modtager meget gerne feedback og klager p\u00e5 vores e-mail&nbsp;<a href=\"mailto:team@theburgerconcept.com\">team@theburgerconcept.com<\/a>&nbsp;eller p\u00e5 vores telefonnummer 81448250.<\/p>\n\n\n\n<p>Som forbruger har du ligeledes mulighed for at klage til Anken\u00e6vnet for hotel, restaurant og turisme, Vodroffsvej 32, 1900 Frederiksberg C,&nbsp;<a href=\"mailto:kontakt@hrt-ankenaevn.dk\">kontakt@hrt-ankenaevn.dk<\/a>, tlf. 35 36 51 21 eller til F\u00f8devarestyrelsen p\u00e5&nbsp;<a href=\"http:\/\/www.foedevarestyrelsen.dk\/\">www.foedevarestyrelsen.dk<\/a>.<\/p>\n\n\n\n<ol class=\"wp-block-list\" start=\"6\">\n<li><strong>Smiley rapporter<\/strong><\/li>\n<\/ol>\n\n\n\n<p>The Burger Concept er omfattet af F\u00f8devarestyrelsens smiley-ordning. Du kan se vores resultater fra smiley-ordningen i vores restauranter.<\/p>\n\n\n\n<ol class=\"wp-block-list\" start=\"7\">\n<li><strong>Indsamling af personoplysninger og brug af cookies<\/strong><\/li>\n<\/ol>\n\n\n\n<p>N\u00e5r du afgiver en bestilling online, vil vi indsamle, behandle og opbevare personoplysninger om dig og din bestilling i overensstemmelse med databeskyttelsesreglerne. Vi benytter dine oplysninger til at kunne levere de varer, du har bestilt. Du kan l\u00e6se mere om vores persondata- og cookiepolitik her.<\/p>\n\n\n\n<ol class=\"wp-block-list\" start=\"8\">\n<li><strong>Lovvalg<\/strong><\/li>\n<\/ol>\n\n\n\n<p>Ovenst\u00e5ende handelsbetingelser, og k\u00f8b af varer p\u00e5&nbsp;<a href=\"https:\/\/www.theburgerconcept.com\/\">www.theburgerconcept.com<\/a>&nbsp;er underlagt dansk ret.<\/p>\n\n\n\n<ol class=\"wp-block-list\" start=\"9\">\n<li><strong>Ansvarsbegr\u00e6nsning<\/strong><\/li>\n<\/ol>\n\n\n\n<p>Vi tager forbehold for udsolgte varer og\/eller manglende\/mangelfulde varer fra vores leverand\u00f8rer og for skrive- og prisfejl p\u00e5 websitet. Desuden tager vi forbehold for ekstraordin\u00e6re situationer, der umuligg\u00f8r levering af de bestilte varer (force majeure).<\/p>\n","protected":false},"excerpt":{"rendered":"<p> [&hellip;]<\/p>\n","protected":false},"author":1,"featured_media":0,"parent":0,"menu_order":0,"comment_status":"closed","ping_status":"closed","template":"","meta":{"_custom_body_class":"","_disable_title":false,"footnotes":""},"class_list":["post-240","page","type-page","status-publish","hentry"],"yoast_head":"<!-- This site is optimized with the Yoast SEO plugin v27.3 - https:\/\/yoast.com\/product\/yoast-seo-wordpress\/ -->\n<title>Handelsbetingelser - The Burger Concept<\/title>\n<meta name=\"robots\" content=\"index, follow, max-snippet:-1, max-image-preview:large, max-video-preview:-1\" \/>\n<link rel=\"canonical\" href=\"https:\/\/www.tillty.com\/the-burger-concept\/handelsbetingelser\/\" \/>\n<meta property=\"og:locale\" content=\"da_DK\" \/>\n<meta property=\"og:type\" content=\"article\" \/>\n<meta property=\"og:title\" content=\"Handelsbetingelser - The Burger Concept\" \/>\n<meta property=\"og:description\" content=\"[&hellip;]\" \/>\n<meta property=\"og:url\" content=\"https:\/\/www.tillty.com\/the-burger-concept\/handelsbetingelser\/\" \/>\n<meta property=\"og:site_name\" content=\"The Burger Concept\" \/>\n<meta property=\"article:modified_time\" content=\"2023-01-02T09:26:54+00:00\" \/>\n<meta name=\"twitter:card\" content=\"summary_large_image\" \/>\n<script type=\"application\/ld+json\" class=\"yoast-schema-graph\">{\"@context\":\"https:\\\/\\\/schema.org\",\"@graph\":[{\"@type\":\"WebPage\",\"@id\":\"https:\\\/\\\/www.tillty.com\\\/the-burger-concept\\\/handelsbetingelser\\\/\",\"url\":\"https:\\\/\\\/www.tillty.com\\\/the-burger-concept\\\/handelsbetingelser\\\/\",\"name\":\"Handelsbetingelser - The Burger Concept\",\"isPartOf\":{\"@id\":\"https:\\\/\\\/www.tillty.com\\\/the-burger-concept\\\/#website\"},\"datePublished\":\"2021-07-03T14:21:32+00:00\",\"dateModified\":\"2023-01-02T09:26:54+00:00\",\"breadcrumb\":{\"@id\":\"https:\\\/\\\/www.tillty.com\\\/the-burger-concept\\\/handelsbetingelser\\\/#breadcrumb\"},\"inLanguage\":\"da-DK\",\"potentialAction\":[{\"@type\":\"ReadAction\",\"target\":[\"https:\\\/\\\/www.tillty.com\\\/the-burger-concept\\\/handelsbetingelser\\\/\"]}]},{\"@type\":\"BreadcrumbList\",\"@id\":\"https:\\\/\\\/www.tillty.com\\\/the-burger-concept\\\/handelsbetingelser\\\/#breadcrumb\",\"itemListElement\":[{\"@type\":\"ListItem\",\"position\":1,\"name\":\"Home\",\"item\":\"https:\\\/\\\/www.tillty.com\\\/the-burger-concept\\\/\"},{\"@type\":\"ListItem\",\"position\":2,\"name\":\"Handelsbetingelser\"}]},{\"@type\":\"WebSite\",\"@id\":\"https:\\\/\\\/www.tillty.com\\\/the-burger-concept\\\/#website\",\"url\":\"https:\\\/\\\/www.tillty.com\\\/the-burger-concept\\\/\",\"name\":\"The Burger Concept\",\"description\":\"Simply Delicious\",\"potentialAction\":[{\"@type\":\"SearchAction\",\"target\":{\"@type\":\"EntryPoint\",\"urlTemplate\":\"https:\\\/\\\/www.tillty.com\\\/the-burger-concept\\\/?s={search_term_string}\"},\"query-input\":{\"@type\":\"PropertyValueSpecification\",\"valueRequired\":true,\"valueName\":\"search_term_string\"}}],\"inLanguage\":\"da-DK\"}]}<\/script>\n<!-- \/ Yoast SEO plugin. -->","yoast_head_json":{"title":"Handelsbetingelser - The Burger Concept","robots":{"index":"index","follow":"follow","max-snippet":"max-snippet:-1","max-image-preview":"max-image-preview:large","max-video-preview":"max-video-preview:-1"},"canonical":"https:\/\/www.tillty.com\/the-burger-concept\/handelsbetingelser\/","og_locale":"da_DK","og_type":"article","og_title":"Handelsbetingelser - The Burger Concept","og_description":"[&hellip;]","og_url":"https:\/\/www.tillty.com\/the-burger-concept\/handelsbetingelser\/","og_site_name":"The Burger Concept","article_modified_time":"2023-01-02T09:26:54+00:00","twitter_card":"summary_large_image","schema":{"@context":"https:\/\/schema.org","@graph":[{"@type":"WebPage","@id":"https:\/\/www.tillty.com\/the-burger-concept\/handelsbetingelser\/","url":"https:\/\/www.tillty.com\/the-burger-concept\/handelsbetingelser\/","name":"Handelsbetingelser - The Burger Concept","isPartOf":{"@id":"https:\/\/www.tillty.com\/the-burger-concept\/#website"},"datePublished":"2021-07-03T14:21:32+00:00","dateModified":"2023-01-02T09:26:54+00:00","breadcrumb":{"@id":"https:\/\/www.tillty.com\/the-burger-concept\/handelsbetingelser\/#breadcrumb"},"inLanguage":"da-DK","potentialAction":[{"@type":"ReadAction","target":["https:\/\/www.tillty.com\/the-burger-concept\/handelsbetingelser\/"]}]},{"@type":"BreadcrumbList","@id":"https:\/\/www.tillty.com\/the-burger-concept\/handelsbetingelser\/#breadcrumb","itemListElement":[{"@type":"ListItem","position":1,"name":"Home","item":"https:\/\/www.tillty.com\/the-burger-concept\/"},{"@type":"ListItem","position":2,"name":"Handelsbetingelser"}]},{"@type":"WebSite","@id":"https:\/\/www.tillty.com\/the-burger-concept\/#website","url":"https:\/\/www.tillty.com\/the-burger-concept\/","name":"The Burger Concept","description":"Simply Delicious","potentialAction":[{"@type":"SearchAction","target":{"@type":"EntryPoint","urlTemplate":"https:\/\/www.tillty.com\/the-burger-concept\/?s={search_term_string}"},"query-input":{"@type":"PropertyValueSpecification","valueRequired":true,"valueName":"search_term_string"}}],"inLanguage":"da-DK"}]}},"jetpack_sharing_enabled":true,"_links":{"self":[{"href":"https:\/\/www.tillty.com\/the-burger-concept\/wp-json\/wp\/v2\/pages\/240","targetHints":{"allow":["GET"]}}],"collection":[{"href":"https:\/\/www.tillty.com\/the-burger-concept\/wp-json\/wp\/v2\/pages"}],"about":[{"href":"https:\/\/www.tillty.com\/the-burger-concept\/wp-json\/wp\/v2\/types\/page"}],"author":[{"embeddable":true,"href":"https:\/\/www.tillty.com\/the-burger-concept\/wp-json\/wp\/v2\/users\/1"}],"replies":[{"embeddable":true,"href":"https:\/\/www.tillty.com\/the-burger-concept\/wp-json\/wp\/v2\/comments?post=240"}],"version-history":[{"count":3,"href":"https:\/\/www.tillty.com\/the-burger-concept\/wp-json\/wp\/v2\/pages\/240\/revisions"}],"predecessor-version":[{"id":312236,"href":"https:\/\/www.tillty.com\/the-burger-concept\/wp-json\/wp\/v2\/pages\/240\/revisions\/312236"}],"wp:attachment":[{"href":"https:\/\/www.tillty.com\/the-burger-concept\/wp-json\/wp\/v2\/media?parent=240"}],"curies":[{"name":"wp","href":"https:\/\/api.w.org\/{rel}","templated":true}]}}