{"id":10,"date":"2021-06-16T06:31:31","date_gmt":"2021-06-16T06:31:31","guid":{"rendered":"https:\/\/www.tillty.com\/the-burger-concept\/?page_id=10"},"modified":"2021-06-16T08:35:49","modified_gmt":"2021-06-16T06:35:49","slug":"the-burger-concept","status":"publish","type":"page","link":"https:\/\/www.tillty.com\/the-burger-concept\/","title":{"rendered":"The Burger Concept"},"content":{"rendered":"\n<div class=\"wp-block-group section max-width\"><div class=\"wp-block-group__inner-container is-layout-flow wp-block-group-is-layout-flow\">\n<div class=\"wp-block-columns boxed is-layout-flex wp-container-core-columns-is-layout-9d6595d7 wp-block-columns-is-layout-flex\">\n<div class=\"wp-block-column text is-layout-flow wp-block-column-is-layout-flow\">\n<h2 class=\"wp-block-heading\">EN SPRUDLENDE SMAGSOPLEVELSE<\/h2>\n\n\n\n<p>Vores mission er at skabe en helhed for dig<\/p>\n\n\n\n<p>Samtlige burgere, der langes over disken hos The Burger Concept, er nemlig skabt med masser af k\u00e6rlighed og en madgl\u00e6de, der er sv\u00e6r at opst\u00f8ve hos selv den mest hungrende hanl\u00f8ve.<\/p>\n\n\n\n<p>Hos The Burger Concept t\u00f8r vi vove at p\u00e5st\u00e5, at madgl\u00e6den, der findes i hele Jakobsen familien, kan smages; der er nemlig t\u00e6nkt over den mindste detalje, og is\u00e6r helheden er vigtig; den udg\u00f8res nemlig af alle de sm\u00e5 dele, hvis man sp\u00f8rger Morten og Simon.<\/p>\n\n\n\n<blockquote class=\"wp-block-quote is-layout-flow wp-block-quote-is-layout-flow\"><p>S\u00e5ledes er der alts\u00e5 lagt v\u00e6gt p\u00e5 den mindste detalje \u2013 lige fra graden af spr\u00f8dhed p\u00e5 baconen til den visuelle pr\u00e6sentation.&nbsp;<\/p><\/blockquote>\n\n\n\n<p><strong><em>\u201c&nbsp;<\/em><\/strong>Hos The Burger Concept g\u00e5r vi all-in p\u00e5 den danske madscene, hvor vi \u00f8nsker at bidrage&nbsp;med et eksklusivt format til den klassiske burger. Vi k\u00e6ler for detaljerne, s\u00e5 helheden kan blive perfekt \u2013 hver eneste gang. Vores ingredienser er n\u00f8je udvalgte, s\u00e5 vi altid sikrer en sprudlende smagsoplevelse i s\u00e6rklasse.&nbsp;<strong><em>\u201d<\/em><\/strong><\/p>\n<\/div>\n\n\n\n<div class=\"wp-block-column is-layout-flow wp-block-column-is-layout-flow\">\n<figure class=\"wp-block-image size-large\"><img data-recalc-dims=\"1\" loading=\"lazy\" decoding=\"async\" width=\"1000\" height=\"667\" src=\"https:\/\/i0.wp.com\/www.tillty.com\/the-burger-concept\/wp-content\/uploads\/sites\/118\/2021\/06\/TBC_RAISFOTO_3167.jpg?resize=1000%2C667&#038;ssl=1\" alt=\"EN SPRUDLENDE SMAGSOPLEVELSE\" class=\"wp-image-11\" srcset=\"https:\/\/i0.wp.com\/www.tillty.com\/the-burger-concept\/wp-content\/uploads\/sites\/118\/2021\/06\/TBC_RAISFOTO_3167.jpg?w=1000&amp;ssl=1 1000w, https:\/\/i0.wp.com\/www.tillty.com\/the-burger-concept\/wp-content\/uploads\/sites\/118\/2021\/06\/TBC_RAISFOTO_3167.jpg?resize=300%2C200&amp;ssl=1 300w, https:\/\/i0.wp.com\/www.tillty.com\/the-burger-concept\/wp-content\/uploads\/sites\/118\/2021\/06\/TBC_RAISFOTO_3167.jpg?resize=768%2C512&amp;ssl=1 768w, https:\/\/i0.wp.com\/www.tillty.com\/the-burger-concept\/wp-content\/uploads\/sites\/118\/2021\/06\/TBC_RAISFOTO_3167.jpg?resize=600%2C400&amp;ssl=1 600w\" sizes=\"auto, (max-width: 1000px) 100vw, 1000px\" \/><\/figure>\n<\/div>\n<\/div>\n<\/div><\/div>\n","protected":false},"excerpt":{"rendered":"<p> [&hellip;]<\/p>\n","protected":false},"author":1,"featured_media":0,"parent":0,"menu_order":0,"comment_status":"closed","ping_status":"closed","template":"","meta":{"_custom_body_class":"","_disable_title":true,"footnotes":""},"class_list":["post-10","page","type-page","status-publish","hentry"],"yoast_head":"<!-- This site is optimized with the Yoast SEO plugin v27.3 - https:\/\/yoast.com\/product\/yoast-seo-wordpress\/ -->\n<title>The Burger Concept - The Burger Concept<\/title>\n<meta name=\"robots\" content=\"index, follow, max-snippet:-1, max-image-preview:large, max-video-preview:-1\" \/>\n<link rel=\"canonical\" href=\"https:\/\/www.tillty.com\/the-burger-concept\/\" \/>\n<meta property=\"og:locale\" content=\"da_DK\" \/>\n<meta property=\"og:type\" content=\"article\" \/>\n<meta property=\"og:title\" content=\"The Burger Concept - The Burger Concept\" \/>\n<meta property=\"og:description\" content=\"[&hellip;]\" \/>\n<meta property=\"og:url\" content=\"https:\/\/www.tillty.com\/the-burger-concept\/\" \/>\n<meta property=\"og:site_name\" content=\"The Burger Concept\" \/>\n<meta property=\"article:modified_time\" content=\"2021-06-16T06:35:49+00:00\" \/>\n<meta property=\"og:image\" content=\"https:\/\/www.tillty.com\/the-burger-concept\/wp-content\/uploads\/sites\/118\/2021\/06\/TBC_RAISFOTO_3167.jpg\" \/>\n<meta name=\"twitter:card\" content=\"summary_large_image\" \/>\n<script type=\"application\/ld+json\" class=\"yoast-schema-graph\">{\"@context\":\"https:\\\/\\\/schema.org\",\"@graph\":[{\"@type\":\"WebPage\",\"@id\":\"https:\\\/\\\/www.tillty.com\\\/the-burger-concept\\\/\",\"url\":\"https:\\\/\\\/www.tillty.com\\\/the-burger-concept\\\/\",\"name\":\"The Burger Concept - The Burger Concept\",\"isPartOf\":{\"@id\":\"https:\\\/\\\/www.tillty.com\\\/the-burger-concept\\\/#website\"},\"primaryImageOfPage\":{\"@id\":\"https:\\\/\\\/www.tillty.com\\\/the-burger-concept\\\/#primaryimage\"},\"image\":{\"@id\":\"https:\\\/\\\/www.tillty.com\\\/the-burger-concept\\\/#primaryimage\"},\"thumbnailUrl\":\"https:\\\/\\\/www.tillty.com\\\/the-burger-concept\\\/wp-content\\\/uploads\\\/sites\\\/118\\\/2021\\\/06\\\/TBC_RAISFOTO_3167.jpg\",\"datePublished\":\"2021-06-16T06:31:31+00:00\",\"dateModified\":\"2021-06-16T06:35:49+00:00\",\"breadcrumb\":{\"@id\":\"https:\\\/\\\/www.tillty.com\\\/the-burger-concept\\\/#breadcrumb\"},\"inLanguage\":\"da-DK\",\"potentialAction\":[{\"@type\":\"ReadAction\",\"target\":[\"https:\\\/\\\/www.tillty.com\\\/the-burger-concept\\\/\"]}]},{\"@type\":\"ImageObject\",\"inLanguage\":\"da-DK\",\"@id\":\"https:\\\/\\\/www.tillty.com\\\/the-burger-concept\\\/#primaryimage\",\"url\":\"https:\\\/\\\/i0.wp.com\\\/www.tillty.com\\\/the-burger-concept\\\/wp-content\\\/uploads\\\/sites\\\/118\\\/2021\\\/06\\\/TBC_RAISFOTO_3167.jpg?fit=1000%2C667&ssl=1\",\"contentUrl\":\"https:\\\/\\\/i0.wp.com\\\/www.tillty.com\\\/the-burger-concept\\\/wp-content\\\/uploads\\\/sites\\\/118\\\/2021\\\/06\\\/TBC_RAISFOTO_3167.jpg?fit=1000%2C667&ssl=1\",\"width\":1000,\"height\":667},{\"@type\":\"BreadcrumbList\",\"@id\":\"https:\\\/\\\/www.tillty.com\\\/the-burger-concept\\\/#breadcrumb\",\"itemListElement\":[{\"@type\":\"ListItem\",\"position\":1,\"name\":\"Home\",\"item\":\"https:\\\/\\\/www.tillty.com\\\/the-burger-concept\\\/\"},{\"@type\":\"ListItem\",\"position\":2,\"name\":\"The Burger Concept\"}]},{\"@type\":\"WebSite\",\"@id\":\"https:\\\/\\\/www.tillty.com\\\/the-burger-concept\\\/#website\",\"url\":\"https:\\\/\\\/www.tillty.com\\\/the-burger-concept\\\/\",\"name\":\"The Burger Concept\",\"description\":\"Simply Delicious\",\"potentialAction\":[{\"@type\":\"SearchAction\",\"target\":{\"@type\":\"EntryPoint\",\"urlTemplate\":\"https:\\\/\\\/www.tillty.com\\\/the-burger-concept\\\/?s={search_term_string}\"},\"query-input\":{\"@type\":\"PropertyValueSpecification\",\"valueRequired\":true,\"valueName\":\"search_term_string\"}}],\"inLanguage\":\"da-DK\"}]}<\/script>\n<!-- \/ Yoast SEO plugin. -->","yoast_head_json":{"title":"The Burger Concept - The Burger Concept","robots":{"index":"index","follow":"follow","max-snippet":"max-snippet:-1","max-image-preview":"max-image-preview:large","max-video-preview":"max-video-preview:-1"},"canonical":"https:\/\/www.tillty.com\/the-burger-concept\/","og_locale":"da_DK","og_type":"article","og_title":"The Burger Concept - The Burger Concept","og_description":"[&hellip;]","og_url":"https:\/\/www.tillty.com\/the-burger-concept\/","og_site_name":"The Burger Concept","article_modified_time":"2021-06-16T06:35:49+00:00","og_image":[{"url":"https:\/\/www.tillty.com\/the-burger-concept\/wp-content\/uploads\/sites\/118\/2021\/06\/TBC_RAISFOTO_3167.jpg","type":"","width":"","height":""}],"twitter_card":"summary_large_image","schema":{"@context":"https:\/\/schema.org","@graph":[{"@type":"WebPage","@id":"https:\/\/www.tillty.com\/the-burger-concept\/","url":"https:\/\/www.tillty.com\/the-burger-concept\/","name":"The Burger Concept - The Burger Concept","isPartOf":{"@id":"https:\/\/www.tillty.com\/the-burger-concept\/#website"},"primaryImageOfPage":{"@id":"https:\/\/www.tillty.com\/the-burger-concept\/#primaryimage"},"image":{"@id":"https:\/\/www.tillty.com\/the-burger-concept\/#primaryimage"},"thumbnailUrl":"https:\/\/www.tillty.com\/the-burger-concept\/wp-content\/uploads\/sites\/118\/2021\/06\/TBC_RAISFOTO_3167.jpg","datePublished":"2021-06-16T06:31:31+00:00","dateModified":"2021-06-16T06:35:49+00:00","breadcrumb":{"@id":"https:\/\/www.tillty.com\/the-burger-concept\/#breadcrumb"},"inLanguage":"da-DK","potentialAction":[{"@type":"ReadAction","target":["https:\/\/www.tillty.com\/the-burger-concept\/"]}]},{"@type":"ImageObject","inLanguage":"da-DK","@id":"https:\/\/www.tillty.com\/the-burger-concept\/#primaryimage","url":"https:\/\/i0.wp.com\/www.tillty.com\/the-burger-concept\/wp-content\/uploads\/sites\/118\/2021\/06\/TBC_RAISFOTO_3167.jpg?fit=1000%2C667&ssl=1","contentUrl":"https:\/\/i0.wp.com\/www.tillty.com\/the-burger-concept\/wp-content\/uploads\/sites\/118\/2021\/06\/TBC_RAISFOTO_3167.jpg?fit=1000%2C667&ssl=1","width":1000,"height":667},{"@type":"BreadcrumbList","@id":"https:\/\/www.tillty.com\/the-burger-concept\/#breadcrumb","itemListElement":[{"@type":"ListItem","position":1,"name":"Home","item":"https:\/\/www.tillty.com\/the-burger-concept\/"},{"@type":"ListItem","position":2,"name":"The Burger Concept"}]},{"@type":"WebSite","@id":"https:\/\/www.tillty.com\/the-burger-concept\/#website","url":"https:\/\/www.tillty.com\/the-burger-concept\/","name":"The Burger Concept","description":"Simply Delicious","potentialAction":[{"@type":"SearchAction","target":{"@type":"EntryPoint","urlTemplate":"https:\/\/www.tillty.com\/the-burger-concept\/?s={search_term_string}"},"query-input":{"@type":"PropertyValueSpecification","valueRequired":true,"valueName":"search_term_string"}}],"inLanguage":"da-DK"}]}},"jetpack_sharing_enabled":true,"_links":{"self":[{"href":"https:\/\/www.tillty.com\/the-burger-concept\/wp-json\/wp\/v2\/pages\/10","targetHints":{"allow":["GET"]}}],"collection":[{"href":"https:\/\/www.tillty.com\/the-burger-concept\/wp-json\/wp\/v2\/pages"}],"about":[{"href":"https:\/\/www.tillty.com\/the-burger-concept\/wp-json\/wp\/v2\/types\/page"}],"author":[{"embeddable":true,"href":"https:\/\/www.tillty.com\/the-burger-concept\/wp-json\/wp\/v2\/users\/1"}],"replies":[{"embeddable":true,"href":"https:\/\/www.tillty.com\/the-burger-concept\/wp-json\/wp\/v2\/comments?post=10"}],"version-history":[{"count":1,"href":"https:\/\/www.tillty.com\/the-burger-concept\/wp-json\/wp\/v2\/pages\/10\/revisions"}],"predecessor-version":[{"id":12,"href":"https:\/\/www.tillty.com\/the-burger-concept\/wp-json\/wp\/v2\/pages\/10\/revisions\/12"}],"wp:attachment":[{"href":"https:\/\/www.tillty.com\/the-burger-concept\/wp-json\/wp\/v2\/media?parent=10"}],"curies":[{"name":"wp","href":"https:\/\/api.w.org\/{rel}","templated":true}]}}