{"id":785,"date":"2024-03-14T16:59:09","date_gmt":"2024-03-14T15:59:09","guid":{"rendered":"https:\/\/www.tillty.com\/cocks-cows\/?page_id=785"},"modified":"2024-03-14T17:15:31","modified_gmt":"2024-03-14T16:15:31","slug":"privatlivspolitik","status":"publish","type":"page","link":"https:\/\/www.tillty.com\/cocks-cows\/privatlivspolitik\/","title":{"rendered":"Privatlivspolitik"},"content":{"rendered":"\n<h2 class=\"wp-block-heading\">Privatlivspolitik<\/h2>\n\n\n\n<p>Vilk\u00e5r for bestilling hos<br><br>Cocks &amp; Cows Aps<br>Hyskenstr\u00e6de 3, st. th<br>1207 K\u00f8benhavn K<br><\/p>\n\n\n\n<p>CVR: 32439292<br>Email: goodcompany@cocks.dk<br>Telefon: 45 69 69 60 00<\/p>\n\n\n\n<p>I det f\u00f8lgende ogs\u00e5 ben\u00e6vnt som vi\/os.<\/p>\n\n\n\n<h2 class=\"wp-block-heading\">INdledning<\/h2>\n\n\n\n<p>Disse vilk\u00e5r sammen med vores Handelsbetingelser g\u00e6lder s\u00e5 snart du \u00e5bner bestillingssiden hos os eller n\u00e5r siden indl\u00e6ses i baggrunden.<\/p>\n\n\n\n<p>N\u00e5r du foretager k\u00f8b online eller bestiller via telefon\/e-mail hos os indsamles der oplysninger om dig, som anvendes til at administrere vores bestillinger i almindelighed. Ligeledes kan vi, s\u00e5fremt du giver s\u00e6rskilt tilsagn hertil, opsamle data til benyttelse i vores markedsf\u00f8ring.<\/p>\n\n\n\n<p>Vi er dataansvarlig for dine persondata n\u00e5r du bestiller, uanset om du bestiller online eller via telefon eller e-mail.<br><br>\u00d8nsker du ikke, at dine persondata indsamles og benyttes, kan vi ikke garantere, at vi er i stand til at modtage din bestilling.<\/p>\n\n\n\n<p>Dette uanset om du \u00f8nsker at foretage online bestilling eller bestilling via telefon\/e-mail.<\/p>\n\n\n\n<p>Vi g\u00f8r opm\u00e6rksom p\u00e5 at vi l\u00f8bende kan \u00e6ndre vilk\u00e5r som g\u00e6lder for denne bestillingsservice.<\/p>\n\n\n\n<p>Dette kan f.eks. skyldes \u00e6ndrede lovkrav eller \u00e6ndringer i den bestillingsservice vi benytter.<br><br>\u00c6ndringer grundet nye funktioner i denne service eller \u00e6ndringer, der er skyldes lovm\u00e6ssige \u00e5rsager, tr\u00e6der i kraft \u00f8jeblikkeligt.<br><br>Hvis du ikke accepterer disse vilk\u00e5r for denne bestillingsservice, skal du stoppe brugen af servicen \u00f8jeblikkeligt.<\/p>\n\n\n\n<h2 class=\"wp-block-heading\"><strong>1. Hvilke personoplysninger\/data opsamler vi?<\/strong><\/h2>\n\n\n\n<p>For at vi kan h\u00e5ndtere din bestilling indsamles f\u00f8lgende persondata om dig:<br><br>&#8211; Dit navn<br>&#8211; E-mail adresse<br>&#8211; Telefonnummer\/mobilnummer<br>&#8211; Evt. personlige oplysninger som du angiver via fritekst<br>&#8211; K\u00f8bs\/transaktionsoplysninger<br>&#8211; Cookies (se mere under pkt. 7)<br>&#8211; Dato\/tidsm\u00e6ssige valg ifm. din bestilling<br>&#8211; IP adresse<br>&#8211; Server logfiler<\/p>\n\n\n\n<h2 class=\"wp-block-heading\"><strong>2. Brug og behandling af personoplysninger<\/strong><\/h2>\n\n\n\n<p>Vi anvender dine personoplysninger i vores daglige administration og h\u00e5ndtering af bestillinger.&nbsp;<\/p>\n\n\n\n<p>Personoplysninger bruges til at identificere dig som person og tilknytningen til din bestilling. Vi anvender for eksempel dine oplysninger, hvis vi har brug for at kontakte dig vedr\u00f8rende din bestilling og identificere dig ved afhentning hos os.<\/p>\n\n\n\n<p>Herudover kan vi anvende dine personoplysninger til lejlighedsvis at udsende ordre-status\/service beskeder, feedback sp\u00f8rgsm\u00e5l pr. e-mail og\/eller SMS i forbindelse med eller umiddelbart efter dit bes\u00f8g hos os \u2013 og heraf ogs\u00e5 i administration af din indkommende feedback besvarelse.<\/p>\n\n\n\n<p>Vi kan ogs\u00e5 benytte dine personoplysninger til at danne evt. relationer mellem dine bestillinger hos os. f.eks. antal bes\u00f8g\/k\u00f8b du har foretaget, feedback og\/eller k\u00f8b du har afgivet hos os.<\/p>\n\n\n\n<p>S\u00e5fremt du specifikt har accepteret, at vi m\u00e5 benytte dine data til markedsf\u00f8ring, kan vi lejlighedsvis udsende nyhedsbreve pr. e-mail og\/eller SMS.<\/p>\n\n\n\n<p>Denne service kan altid afmeldes s\u00e5fremt dette \u00f8nskes.<\/p>\n\n\n\n<h2 class=\"wp-block-heading\"><strong>3. Opbevaring og beskyttelse af persondata<\/strong><\/h2>\n\n\n\n<p>Vi opbevarer dine persondata i vores bestillingssystem fra vores underleverand\u00f8r med hvem vi har en lovpligtig databehandleraftale.<\/p>\n\n\n\n<p>Al kommunikation i forbindelse med online bestilling og brug af bestillingssystemet i almindelighed foreg\u00e5r krypteret via SSL \/ HTTPS.<\/p>\n\n\n\n<p>Vi anonymiserer alle dine persondata s\u00e5ledes at data blot kan anvendes til statistiske visninger, som ikke kan knyttes til identifikation af enkeltpersoner.<\/p>\n\n\n\n<p>Dine persondata anonymiseres 5 \u00e5r efter din seneste bestilling.<\/p>\n\n\n\n<p>Persondata kan dog i nogle tilf\u00e6lde opbevares i mere end 5 \u00e5r. Dette kr\u00e6ver dog, at du specifikt har godkendt dette forhold, f.eks. i forbindelse med tilmelding til vores nyhedsbrev eller lign. Eller s\u00e5fremt der er andre lovkrav der dikterer, at vi opbevarer dine data i l\u00e6ngere tid.<\/p>\n\n\n\n<p>Dine personlige data er udelukkende tilg\u00e6ngelig for de af vores medarbejdere, som arbejder med den daglige h\u00e5ndtering af bestillinger samt ledende medarbejdere.<\/p>\n\n\n\n<h2 class=\"wp-block-heading\"><strong>4. Videregivelse og deling af persondata<\/strong><\/h2>\n\n\n\n<p>Ved accept af disse vilk\u00e5r giver du dit samtykke til, at vi videregiver dine personoplysninger til vores leverand\u00f8r af bestillingstjenesten med hvem vi har en lovpligtig databehandleraftale.<\/p>\n\n\n\n<p>Dine oplysninger kan ogs\u00e5 blive videregivet til andre leverand\u00f8rer som f.eks. betalingsudbyder, email-udbyder, sms-udbyder og andre tjenesteudbydere, der er n\u00f8dvendige for at h\u00e5ndtere din bestilling.<\/p>\n\n\n\n<p>Vi videregiver udelukkende personlige oplysninger til vores samarbejdspartnere eller andre betroede virksomheder for at opretholde den l\u00f8bende drift og yde den bedst mulige service.<\/p>\n\n\n\n<p>For at optimere denne bestillings-service indsamles data og statistik over brugeradf\u00e6rd p\u00e5 siden. Disse oplysninger indsamles i samarbejde med forskellige underleverand\u00f8rer og bruges kun til statistiske form\u00e5l og generel brugeradf\u00e6rd.<\/p>\n\n\n\n<h2 class=\"wp-block-heading\"><strong>5. Social Media og persondata<\/strong><\/h2>\n\n\n\n<p>Vi kan benytte sociale medie knapper\/plugins i forbindelse med bestilling hos os. Dette for at afhj\u00e6lpe indtastning af personlige oplysninger s\u00e5som navn, e-mail og telefonnummer.<\/p>\n\n\n\n<h2 class=\"wp-block-heading\"><strong>6. Google Analytics<\/strong><\/h2>\n\n\n\n<p>Vi kan bruge Google Analytics til at indsamle bes\u00f8gsstatistik og i den forbindelse giver vi IP-adresser videre til Google Analytics. Google kan videregive informationerne til tredjepart, hvor loven kr\u00e6ver dette, eller til tredjepart, som udf\u00f8rer opgaver for dem.<\/p>\n\n\n\n<p>Privatlivsvilk\u00e5rene for Google Analytics accepteres ved online ordre\/bestilling hos os og fremg\u00e5r af http:\/\/www.google.com\/privacy.html.<\/p>\n\n\n\n<h2 class=\"wp-block-heading\"><strong>7. Cookies \/ ikke personlige oplysninger<\/strong><\/h2>\n\n\n\n<p>P\u00e5 forskellig vis indsamler vi digitale oplysninger om din bestilling. Ingen af disse oplysninger g\u00f8r det muligt, at spore dig som person, men alene til den computer, hvorfra du har opn\u00e5et adgang.<\/p>\n\n\n\n<p>Vi benytter cookies til at g\u00f8re din oplevelse i forbindelse med bestilling bedre.<br>En cookie er en lille stump data, der gemmes i din browser, og som kun kan l\u00e6ses af databehandleren.<\/p>\n\n\n\n<p>En cookie indeholder information, fx om dine indstillinger p\u00e5 computeren, indhold af en booking, interne serverdata eller andre data brugt af vores server. Cookies er ikke programmer, der k\u00f8rer p\u00e5 din maskine, men sm\u00e5 stumper tekstdata, der sendes frem og tilbage, til og fra din computer. Cookies er hverken spyware eller virus.<\/p>\n\n\n\n<p>Vi skelner mellem, om cookien forsvinder, n\u00e5r du lukker din browser (sessions-cookies), eller om de bliver gemt p\u00e5 din computer (blivende cookies).<\/p>\n\n\n\n<p>Ligeledes skelner vi mellem, om cookien har os\/udbyderen som afsender (f\u00f8rsteparts-cookies) eller en af vores partnere som afsender (tredjeparts-cookies).<\/p>\n\n\n\n<p>Du kan i de fleste browsere \u00e6ndre p\u00e5 indstillingerne for, hvilke cookies der bliver sat p\u00e5 din computer.<br>Vi s\u00e6tter kun blivende cookies for at kunne g\u00f8re din bestillingsoplevelse s\u00e5 god som mulig. Vi bruger de indsamlede oplysninger til viden om adf\u00e6rd p\u00e5 vores sites.<br>Sessions-cookies forsvinder, n\u00e5r du forlader vores dom\u00e6ne.<\/p>\n\n\n\n<h2 class=\"wp-block-heading\"><strong>8. Indsigt\/Tilbagekaldelse\/Sletning af dine persondata<\/strong><\/h2>\n\n\n\n<p>J\u00e6vnf\u00f8r EU persondataforordningen g\u00e6lder der helt klare regler for, hvorn\u00e5r du kan \u00f8nske indsigt i dine personlige data. Alle EU borgere har if\u00f8lge loven altid ret til at g\u00f8re indsigelse mod indsamling og behandling af personlige oplysninger, f\u00e5 indsigt i hvilke oplysninger der er registreret, samt ret til at f\u00e5 rettet eller slettet sine personlige oplysninger &#8211; \u201dRetten til at blive glemt\u201d.<br><br>\u00d8nsker du ikke l\u00e6ngere, at vi skal behandle dine personlige oplysninger eller at vi skal begr\u00e6nse behandlingen af dine personlige oplysninger, kan du kontakte os pr. e-mail: goodcompany@cocks.dk eller via vores kontaktoplysninger, som oplyst ovenfor.&nbsp;<\/p>\n\n\n\n<p><br>Vi g\u00f8r ligeledes opm\u00e6rksom p\u00e5, at vi i ikke n\u00f8dvendigvis kan tilbyde dig bestilling hvis du p\u00e5 ny ikke \u00f8nsker at lade dine persondata registrere.<\/p>\n\n\n\n<div class=\"wp-block-buttons is-layout-flex wp-block-buttons-is-layout-flex\">\n<div class=\"wp-block-button\"><a class=\"wp-block-button__link wp-element-button\" href=\"https:\/\/www.tillty.com\/cocks-cows\/privacy-policy\/\">English version \ud83c\uddec\ud83c\udde7<\/a><\/div>\n<\/div>\n","protected":false},"excerpt":{"rendered":"<p> [&hellip;]<\/p>\n","protected":false},"author":1,"featured_media":0,"parent":0,"menu_order":0,"comment_status":"closed","ping_status":"closed","template":"","meta":{"_uag_custom_page_level_css":"","footnotes":""},"class_list":["post-785","page","type-page","status-publish","hentry"],"yoast_head":"<!-- This site is optimized with the Yoast SEO plugin v27.5 - https:\/\/yoast.com\/product\/yoast-seo-wordpress\/ -->\n<title>Privatlivspolitik - Cocks &amp; Cows<\/title>\n<meta name=\"robots\" content=\"index, follow, max-snippet:-1, max-image-preview:large, max-video-preview:-1\" \/>\n<link rel=\"canonical\" href=\"https:\/\/www.tillty.com\/cocks-cows\/privatlivspolitik\/\" \/>\n<meta property=\"og:locale\" content=\"en_US\" \/>\n<meta property=\"og:type\" content=\"article\" \/>\n<meta property=\"og:title\" content=\"Privatlivspolitik - Cocks &amp; Cows\" \/>\n<meta property=\"og:description\" content=\"[&hellip;]\" \/>\n<meta property=\"og:url\" content=\"https:\/\/www.tillty.com\/cocks-cows\/privatlivspolitik\/\" \/>\n<meta property=\"og:site_name\" content=\"Cocks &amp; Cows\" \/>\n<meta property=\"article:modified_time\" content=\"2024-03-14T16:15:31+00:00\" \/>\n<meta name=\"twitter:card\" content=\"summary_large_image\" \/>\n<script type=\"application\/ld+json\" class=\"yoast-schema-graph\">{\"@context\":\"https:\\\/\\\/schema.org\",\"@graph\":[{\"@type\":\"WebPage\",\"@id\":\"https:\\\/\\\/www.tillty.com\\\/cocks-cows\\\/privatlivspolitik\\\/\",\"url\":\"https:\\\/\\\/www.tillty.com\\\/cocks-cows\\\/privatlivspolitik\\\/\",\"name\":\"Privatlivspolitik - Cocks &amp; Cows\",\"isPartOf\":{\"@id\":\"https:\\\/\\\/www.tillty.com\\\/cocks-cows\\\/#website\"},\"datePublished\":\"2024-03-14T15:59:09+00:00\",\"dateModified\":\"2024-03-14T16:15:31+00:00\",\"breadcrumb\":{\"@id\":\"https:\\\/\\\/www.tillty.com\\\/cocks-cows\\\/privatlivspolitik\\\/#breadcrumb\"},\"inLanguage\":\"en-US\",\"potentialAction\":[{\"@type\":\"ReadAction\",\"target\":[\"https:\\\/\\\/www.tillty.com\\\/cocks-cows\\\/privatlivspolitik\\\/\"]}]},{\"@type\":\"BreadcrumbList\",\"@id\":\"https:\\\/\\\/www.tillty.com\\\/cocks-cows\\\/privatlivspolitik\\\/#breadcrumb\",\"itemListElement\":[{\"@type\":\"ListItem\",\"position\":1,\"name\":\"Home\",\"item\":\"https:\\\/\\\/www.tillty.com\\\/cocks-cows\\\/\"},{\"@type\":\"ListItem\",\"position\":2,\"name\":\"Privatlivspolitik\"}]},{\"@type\":\"WebSite\",\"@id\":\"https:\\\/\\\/www.tillty.com\\\/cocks-cows\\\/#website\",\"url\":\"https:\\\/\\\/www.tillty.com\\\/cocks-cows\\\/\",\"name\":\"Cocks &amp; Cows\",\"description\":\"Cocks &amp; Cows is the original cocktail bar and burger restaurant combo!\",\"publisher\":{\"@id\":\"https:\\\/\\\/www.tillty.com\\\/cocks-cows\\\/#organization\"},\"potentialAction\":[{\"@type\":\"SearchAction\",\"target\":{\"@type\":\"EntryPoint\",\"urlTemplate\":\"https:\\\/\\\/www.tillty.com\\\/cocks-cows\\\/?s={search_term_string}\"},\"query-input\":{\"@type\":\"PropertyValueSpecification\",\"valueRequired\":true,\"valueName\":\"search_term_string\"}}],\"inLanguage\":\"en-US\"},{\"@type\":\"Organization\",\"@id\":\"https:\\\/\\\/www.tillty.com\\\/cocks-cows\\\/#organization\",\"name\":\"Cocks &amp; Cows\",\"url\":\"https:\\\/\\\/www.tillty.com\\\/cocks-cows\\\/\",\"logo\":{\"@type\":\"ImageObject\",\"inLanguage\":\"en-US\",\"@id\":\"https:\\\/\\\/www.tillty.com\\\/cocks-cows\\\/#\\\/schema\\\/logo\\\/image\\\/\",\"url\":\"https:\\\/\\\/i0.wp.com\\\/www.tillty.com\\\/cocks-cows\\\/wp-content\\\/uploads\\\/sites\\\/138\\\/2023\\\/11\\\/logo-yellow.png?fit=963%2C133&ssl=1\",\"contentUrl\":\"https:\\\/\\\/i0.wp.com\\\/www.tillty.com\\\/cocks-cows\\\/wp-content\\\/uploads\\\/sites\\\/138\\\/2023\\\/11\\\/logo-yellow.png?fit=963%2C133&ssl=1\",\"width\":963,\"height\":133,\"caption\":\"Cocks &amp; Cows\"},\"image\":{\"@id\":\"https:\\\/\\\/www.tillty.com\\\/cocks-cows\\\/#\\\/schema\\\/logo\\\/image\\\/\"}}]}<\/script>\n<!-- \/ Yoast SEO plugin. -->","yoast_head_json":{"title":"Privatlivspolitik - Cocks &amp; Cows","robots":{"index":"index","follow":"follow","max-snippet":"max-snippet:-1","max-image-preview":"max-image-preview:large","max-video-preview":"max-video-preview:-1"},"canonical":"https:\/\/www.tillty.com\/cocks-cows\/privatlivspolitik\/","og_locale":"en_US","og_type":"article","og_title":"Privatlivspolitik - Cocks &amp; Cows","og_description":"[&hellip;]","og_url":"https:\/\/www.tillty.com\/cocks-cows\/privatlivspolitik\/","og_site_name":"Cocks &amp; Cows","article_modified_time":"2024-03-14T16:15:31+00:00","twitter_card":"summary_large_image","schema":{"@context":"https:\/\/schema.org","@graph":[{"@type":"WebPage","@id":"https:\/\/www.tillty.com\/cocks-cows\/privatlivspolitik\/","url":"https:\/\/www.tillty.com\/cocks-cows\/privatlivspolitik\/","name":"Privatlivspolitik - Cocks &amp; Cows","isPartOf":{"@id":"https:\/\/www.tillty.com\/cocks-cows\/#website"},"datePublished":"2024-03-14T15:59:09+00:00","dateModified":"2024-03-14T16:15:31+00:00","breadcrumb":{"@id":"https:\/\/www.tillty.com\/cocks-cows\/privatlivspolitik\/#breadcrumb"},"inLanguage":"en-US","potentialAction":[{"@type":"ReadAction","target":["https:\/\/www.tillty.com\/cocks-cows\/privatlivspolitik\/"]}]},{"@type":"BreadcrumbList","@id":"https:\/\/www.tillty.com\/cocks-cows\/privatlivspolitik\/#breadcrumb","itemListElement":[{"@type":"ListItem","position":1,"name":"Home","item":"https:\/\/www.tillty.com\/cocks-cows\/"},{"@type":"ListItem","position":2,"name":"Privatlivspolitik"}]},{"@type":"WebSite","@id":"https:\/\/www.tillty.com\/cocks-cows\/#website","url":"https:\/\/www.tillty.com\/cocks-cows\/","name":"Cocks &amp; Cows","description":"Cocks &amp; Cows is the original cocktail bar and burger restaurant combo!","publisher":{"@id":"https:\/\/www.tillty.com\/cocks-cows\/#organization"},"potentialAction":[{"@type":"SearchAction","target":{"@type":"EntryPoint","urlTemplate":"https:\/\/www.tillty.com\/cocks-cows\/?s={search_term_string}"},"query-input":{"@type":"PropertyValueSpecification","valueRequired":true,"valueName":"search_term_string"}}],"inLanguage":"en-US"},{"@type":"Organization","@id":"https:\/\/www.tillty.com\/cocks-cows\/#organization","name":"Cocks &amp; Cows","url":"https:\/\/www.tillty.com\/cocks-cows\/","logo":{"@type":"ImageObject","inLanguage":"en-US","@id":"https:\/\/www.tillty.com\/cocks-cows\/#\/schema\/logo\/image\/","url":"https:\/\/i0.wp.com\/www.tillty.com\/cocks-cows\/wp-content\/uploads\/sites\/138\/2023\/11\/logo-yellow.png?fit=963%2C133&ssl=1","contentUrl":"https:\/\/i0.wp.com\/www.tillty.com\/cocks-cows\/wp-content\/uploads\/sites\/138\/2023\/11\/logo-yellow.png?fit=963%2C133&ssl=1","width":963,"height":133,"caption":"Cocks &amp; Cows"},"image":{"@id":"https:\/\/www.tillty.com\/cocks-cows\/#\/schema\/logo\/image\/"}}]}},"uagb_featured_image_src":{"full":false,"thumbnail":false,"medium":false,"medium_large":false,"large":false,"1536x1536":false,"2048x2048":false,"woocommerce_thumbnail":false,"woocommerce_single":false,"woocommerce_gallery_thumbnail":false},"uagb_author_info":{"display_name":"tillty","author_link":"https:\/\/www.tillty.com\/cocks-cows\/author\/tillty\/"},"uagb_comment_info":0,"uagb_excerpt":"[&hellip;]","jetpack_sharing_enabled":true,"_links":{"self":[{"href":"https:\/\/www.tillty.com\/cocks-cows\/wp-json\/wp\/v2\/pages\/785","targetHints":{"allow":["GET"]}}],"collection":[{"href":"https:\/\/www.tillty.com\/cocks-cows\/wp-json\/wp\/v2\/pages"}],"about":[{"href":"https:\/\/www.tillty.com\/cocks-cows\/wp-json\/wp\/v2\/types\/page"}],"author":[{"embeddable":true,"href":"https:\/\/www.tillty.com\/cocks-cows\/wp-json\/wp\/v2\/users\/1"}],"replies":[{"embeddable":true,"href":"https:\/\/www.tillty.com\/cocks-cows\/wp-json\/wp\/v2\/comments?post=785"}],"version-history":[{"count":4,"href":"https:\/\/www.tillty.com\/cocks-cows\/wp-json\/wp\/v2\/pages\/785\/revisions"}],"predecessor-version":[{"id":812,"href":"https:\/\/www.tillty.com\/cocks-cows\/wp-json\/wp\/v2\/pages\/785\/revisions\/812"}],"wp:attachment":[{"href":"https:\/\/www.tillty.com\/cocks-cows\/wp-json\/wp\/v2\/media?parent=785"}],"curies":[{"name":"wp","href":"https:\/\/api.w.org\/{rel}","templated":true}]}}